{"id":111,"date":"2026-02-26T19:45:27","date_gmt":"2026-02-26T19:45:27","guid":{"rendered":"https:\/\/oder.dk\/?page_id=111"},"modified":"2026-02-26T19:46:37","modified_gmt":"2026-02-26T19:46:37","slug":"noter","status":"publish","type":"page","link":"https:\/\/oder.dk\/index.php\/noter\/","title":{"rendered":"Noter"},"content":{"rendered":"\n<p>andelsboligen erhverves af nedenn\u00e6vnte efter godkendelse af bestyrelsen, idet der gives<\/p>\n\n\n\n<p>fortrinsret i den n\u00e6vnte r\u00e6kkef\u00f8lge:<\/p>\n\n\n\n<p>A)&nbsp;Samlever, som indtil d\u00f8dsfaldet havde f\u00e6lles husstand med den afd\u00f8de i mindst 3<\/p>\n\n\n\n<p>m\u00e5neder.<\/p>\n\n\n\n<p>B)&nbsp;C)&nbsp;Afd\u00f8des b\u00f8rn, b\u00f8rneb\u00f8rn, for\u00e6ldre, s\u00f8skende eller bedstefor\u00e6ldre.<\/p>\n\n\n\n<p>Personer, som af den afd\u00f8de over for bestyrelsen var anmeldt som berettiget til<\/p>\n\n\n\n<p>andelsboligen ved sin d\u00f8d.<\/p>\n\n\n\n<p>AFB standardvedt\u00e6gter.<\/p>\n","protected":false},"excerpt":{"rendered":"<p>andelsboligen erhverves af nedenn\u00e6vnte efter godkendelse af bestyrelsen, idet der gives fortrinsret i den n\u00e6vnte r\u00e6kkef\u00f8lge: A)&nbsp;Samlever, som indtil d\u00f8dsfaldet havde f\u00e6lles husstand med den afd\u00f8de i mindst 3 m\u00e5neder. B)&nbsp;C)&nbsp;Afd\u00f8des b\u00f8rn, b\u00f8rneb\u00f8rn, for\u00e6ldre, s\u00f8skende eller bedstefor\u00e6ldre. Personer, som af den afd\u00f8de over for bestyrelsen var anmeldt som berettiget til andelsboligen ved sin d\u00f8d. AFB [&hellip;]<\/p>\n","protected":false},"author":1,"featured_media":0,"parent":0,"menu_order":5,"comment_status":"closed","ping_status":"closed","template":"","meta":{"iawp_total_views":10,"footnotes":""},"class_list":["post-111","page","type-page","status-publish","hentry"],"_links":{"self":[{"href":"https:\/\/oder.dk\/index.php\/wp-json\/wp\/v2\/pages\/111","targetHints":{"allow":["GET"]}}],"collection":[{"href":"https:\/\/oder.dk\/index.php\/wp-json\/wp\/v2\/pages"}],"about":[{"href":"https:\/\/oder.dk\/index.php\/wp-json\/wp\/v2\/types\/page"}],"author":[{"embeddable":true,"href":"https:\/\/oder.dk\/index.php\/wp-json\/wp\/v2\/users\/1"}],"replies":[{"embeddable":true,"href":"https:\/\/oder.dk\/index.php\/wp-json\/wp\/v2\/comments?post=111"}],"version-history":[{"count":1,"href":"https:\/\/oder.dk\/index.php\/wp-json\/wp\/v2\/pages\/111\/revisions"}],"predecessor-version":[{"id":112,"href":"https:\/\/oder.dk\/index.php\/wp-json\/wp\/v2\/pages\/111\/revisions\/112"}],"wp:attachment":[{"href":"https:\/\/oder.dk\/index.php\/wp-json\/wp\/v2\/media?parent=111"}],"curies":[{"name":"wp","href":"https:\/\/api.w.org\/{rel}","templated":true}]}}